{"id":53559,"date":"2025-02-28T17:34:38","date_gmt":"2025-02-28T17:34:38","guid":{"rendered":"https:\/\/cursos.curaciondelninointerior.com\/courses-archive-elementor\/"},"modified":"2025-09-09T23:14:44","modified_gmt":"2025-09-09T23:14:44","slug":"catalogo-de-cursos","status":"publish","type":"page","link":"https:\/\/cursos.curaciondelninointerior.com\/en_us\/","title":{"rendered":"Cat\u00e1logo de Cursos"},"content":{"rendered":"<div data-elementor-type=\"wp-page\" data-elementor-id=\"53559\" class=\"elementor elementor-53559\" data-elementor-post-type=\"page\">\n\t\t\t\t\t\t<section class=\"elementor-section elementor-top-section elementor-element elementor-element-c3a5d84 elementor-section-stretched elementor-section-boxed elementor-section-height-default elementor-section-height-default\" data-id=\"c3a5d84\" data-element_type=\"section\" data-settings=\"{&quot;stretch_section&quot;:&quot;section-stretched&quot;}\">\n\t\t\t\t\t\t<div class=\"elementor-container elementor-column-gap-default\">\n\t\t\t\t\t<div class=\"elementor-column elementor-col-100 elementor-top-column elementor-element elementor-element-d6c9055\" data-id=\"d6c9055\" data-element_type=\"column\">\n\t\t\t<div class=\"elementor-widget-wrap elementor-element-populated\">\n\t\t\t\t\t\t<div class=\"elementor-element elementor-element-0708b0e elementor-widget elementor-widget-ms_lms_courses\" data-id=\"0708b0e\" data-element_type=\"widget\" data-settings=\"{&quot;type&quot;:&quot;courses-archive&quot;,&quot;opened_filters&quot;:3,&quot;slides_to_scroll&quot;:&quot;25%&quot;,&quot;slides_to_scroll_tablet&quot;:&quot;33.333333%&quot;,&quot;slides_to_scroll_mobile&quot;:&quot;100%&quot;,&quot;loop&quot;:&quot;true&quot;,&quot;course_card_presets&quot;:&quot;card-style-1&quot;,&quot;cards_to_show_choice&quot;:&quot;number&quot;,&quot;cards_to_show&quot;:8,&quot;show_featured_block&quot;:&quot;yes&quot;,&quot;cards_to_show_choice_featured&quot;:&quot;number&quot;,&quot;cards_to_show_featured&quot;:4,&quot;sort_by&quot;:&quot;date_high&quot;,&quot;show_category&quot;:&quot;yes&quot;,&quot;show_progress&quot;:&quot;yes&quot;,&quot;show_divider&quot;:&quot;yes&quot;,&quot;show_rating&quot;:&quot;yes&quot;,&quot;show_price&quot;:&quot;yes&quot;,&quot;show_slots&quot;:&quot;yes&quot;,&quot;card_slot_1&quot;:&quot;current-students&quot;,&quot;card_slot_2&quot;:&quot;views&quot;,&quot;featured_position&quot;:&quot;left&quot;,&quot;status_presets&quot;:&quot;status_style_1&quot;,&quot;status_position&quot;:&quot;right&quot;,&quot;show_popup&quot;:&quot;yes&quot;,&quot;popup_show_author_name&quot;:&quot;yes&quot;,&quot;popup_show_author_image&quot;:&quot;yes&quot;,&quot;popup_show_excerpt&quot;:&quot;yes&quot;,&quot;popup_show_slots&quot;:&quot;yes&quot;,&quot;popup_slot_1&quot;:&quot;level&quot;,&quot;popup_slot_2&quot;:&quot;lectures&quot;,&quot;popup_slot_3&quot;:&quot;duration&quot;,&quot;popup_show_wishlist&quot;:&quot;yes&quot;,&quot;popup_show_price&quot;:&quot;yes&quot;,&quot;show_instructor_label&quot;:&quot;yes&quot;,&quot;show_instructor_position&quot;:&quot;yes&quot;,&quot;show_instructor_bio&quot;:&quot;yes&quot;,&quot;course_image_size&quot;:{&quot;width&quot;:&quot;&quot;,&quot;height&quot;:&quot;&quot;}}\" data-widget_type=\"ms_lms_courses.default\">\n\t\t\t\t<div class=\"elementor-widget-container\">\n\t\t\t\t\t<div class=\"ms_lms_courses_archive\">\n\t\t\t<div class=\"ms_lms_courses_archive__title style_1\">\n\t\t\t<h2>\n\t\t\t\t\t\t\t<\/h2>\n\t\t\t<div class=\"ms_lms_courses_archive__sorting style_3\">\n\t<span class=\"ms_lms_courses_archive__sorting_select_label\">Sort by:<\/span>\n\t<select name=\"ms_lms_courses_archive__sorting_select\" class=\"ms_lms_courses_archive__sorting_select\">\n\t\t\t\t\t<option value=\"date_high\"  selected='selected'>\n\t\t\t\tNewest\t\t\t<\/option>\n\t\t\t\t\t<option value=\"date_low\" >\n\t\t\t\tOldest\t\t\t<\/option>\n\t\t\t\t\t<option value=\"price_high\" >\n\t\t\t\tPrice high\t\t\t<\/option>\n\t\t\t\t\t<option value=\"price_low\" >\n\t\t\t\tPrice low\t\t\t<\/option>\n\t\t\t\t\t<option value=\"popular\" >\n\t\t\t\tMost Viewed\t\t\t<\/option>\n\t\t\t\t\t<option value=\"rating\" >\n\t\t\t\tOverall Rating\t\t\t<\/option>\n\t\t\t<\/select>\n<\/div>\n\t\t<\/div>\n\t\t<div class=\"ms_lms_courses_archive__content filter_left title_style_1\">\n\t\t<div class=\"ms_lms_courses_archive__filter\">\n\t<a href=\"#\" class=\"ms_lms_courses_archive__filter_toggle\">\n\t\tFilters\t<\/a>\n\t<form class=\"ms_lms_courses_archive__filter_form\" method=\"post\" action=\"\">\n\t\t<div class=\"ms_lms_courses_archive__filter_options\">\n\t\t\t<div class=\"ms_lms_courses_archive__filter_options_item\">\n\t<div class=\"ms_lms_courses_archive__filter_options_item_title\">\n\t\t<h3>Category<\/h3>\n\t\t<div class=\"ms_lms_courses_archive__filter_options_item_title_toggler\"><\/div>\n\t<\/div>\n\t<div class=\"ms_lms_courses_archive__filter_options_item_content\">\n\t\t\t\t\t<div class=\"ms_lms_courses_archive__filter_options_item_category\">\n\t\t\t\t<label class=\"ms_lms_courses_archive__filter_options_item_checkbox\">\n\t\t\t\t\t<span class=\"ms_lms_courses_archive__filter_options_item_checkbox_inner\">\n\t\t\t\t\t\t<input type=\"checkbox\" value=\"38\"  name=\"category[]\"\/>\n\t\t\t\t\t\t<span><i class=\"fa fa-check\"><\/i><\/span>\n\t\t\t\t\t<\/span>\n\t\t\t\t\t<span class=\"ms_lms_courses_archive__filter_options_item_checkbox_label\">Cursos y Conferencias<\/span>\n\t\t\t\t<\/label>\n\t\t\t<\/div>\n\t\t\t<\/div>\n<\/div>\n<div class=\"ms_lms_courses_archive__filter_options_item\">\n\t<div class=\"ms_lms_courses_archive__filter_options_item_title\">\n\t\t<h3>Status<\/h3>\n\t\t<div class=\"ms_lms_courses_archive__filter_options_item_title_toggler\"><\/div>\n\t<\/div>\n\t<div class=\"ms_lms_courses_archive__filter_options_item_content\">\n\t\t\t\t\t<div class=\"ms_lms_courses_archive__filter_options_item_category\">\n\t\t\t\t<label class=\"ms_lms_courses_archive__filter_options_item_checkbox\">\n\t\t\t\t\t<span class=\"ms_lms_courses_archive__filter_options_item_checkbox_inner\">\n\t\t\t\t\t\t<input type=\"checkbox\" value=\"hot\"  name=\"status[]\"\/>\n\t\t\t\t\t\t<span><i class=\"fa fa-check\"><\/i><\/span>\n\t\t\t\t\t<\/span>\n\t\t\t\t\t<span class=\"ms_lms_courses_archive__filter_options_item_checkbox_label\">Hot<\/span>\n\t\t\t\t<\/label>\n\t\t\t<\/div>\n\t\t\t\t\t<div class=\"ms_lms_courses_archive__filter_options_item_category\">\n\t\t\t\t<label class=\"ms_lms_courses_archive__filter_options_item_checkbox\">\n\t\t\t\t\t<span class=\"ms_lms_courses_archive__filter_options_item_checkbox_inner\">\n\t\t\t\t\t\t<input type=\"checkbox\" value=\"new\"  name=\"status[]\"\/>\n\t\t\t\t\t\t<span><i class=\"fa fa-check\"><\/i><\/span>\n\t\t\t\t\t<\/span>\n\t\t\t\t\t<span class=\"ms_lms_courses_archive__filter_options_item_checkbox_label\">New<\/span>\n\t\t\t\t<\/label>\n\t\t\t<\/div>\n\t\t\t\t\t<div class=\"ms_lms_courses_archive__filter_options_item_category\">\n\t\t\t\t<label class=\"ms_lms_courses_archive__filter_options_item_checkbox\">\n\t\t\t\t\t<span class=\"ms_lms_courses_archive__filter_options_item_checkbox_inner\">\n\t\t\t\t\t\t<input type=\"checkbox\" value=\"special\"  name=\"status[]\"\/>\n\t\t\t\t\t\t<span><i class=\"fa fa-check\"><\/i><\/span>\n\t\t\t\t\t<\/span>\n\t\t\t\t\t<span class=\"ms_lms_courses_archive__filter_options_item_checkbox_label\">Special<\/span>\n\t\t\t\t<\/label>\n\t\t\t<\/div>\n\t\t\t<\/div>\n<\/div>\n<div class=\"ms_lms_courses_archive__filter_options_item\">\n\t<div class=\"ms_lms_courses_archive__filter_options_item_title\">\n\t\t<h3>Level<\/h3>\n\t\t<div class=\"ms_lms_courses_archive__filter_options_item_title_toggler\"><\/div>\n\t<\/div>\n\t<div class=\"ms_lms_courses_archive__filter_options_item_content\">\n\t\t\t\t\t<div class=\"ms_lms_courses_archive__filter_options_item_category\">\n\t\t\t\t<label class=\"ms_lms_courses_archive__filter_options_item_checkbox\">\n\t\t\t\t\t<span class=\"ms_lms_courses_archive__filter_options_item_checkbox_inner\">\n\t\t\t\t\t\t<input type=\"checkbox\" value=\"beginner\"  name=\"level[]\"\/>\n\t\t\t\t\t\t<span><i class=\"fa fa-check\"><\/i><\/span>\n\t\t\t\t\t<\/span>\n\t\t\t\t\t<span class=\"ms_lms_courses_archive__filter_options_item_checkbox_label\">Principiante<\/span>\n\t\t\t\t<\/label>\n\t\t\t<\/div>\n\t\t\t\t\t<div class=\"ms_lms_courses_archive__filter_options_item_category\">\n\t\t\t\t<label class=\"ms_lms_courses_archive__filter_options_item_checkbox\">\n\t\t\t\t\t<span class=\"ms_lms_courses_archive__filter_options_item_checkbox_inner\">\n\t\t\t\t\t\t<input type=\"checkbox\" value=\"intermediate\"  name=\"level[]\"\/>\n\t\t\t\t\t\t<span><i class=\"fa fa-check\"><\/i><\/span>\n\t\t\t\t\t<\/span>\n\t\t\t\t\t<span class=\"ms_lms_courses_archive__filter_options_item_checkbox_label\">Intermedio<\/span>\n\t\t\t\t<\/label>\n\t\t\t<\/div>\n\t\t\t\t\t<div class=\"ms_lms_courses_archive__filter_options_item_category\">\n\t\t\t\t<label class=\"ms_lms_courses_archive__filter_options_item_checkbox\">\n\t\t\t\t\t<span class=\"ms_lms_courses_archive__filter_options_item_checkbox_inner\">\n\t\t\t\t\t\t<input type=\"checkbox\" value=\"advanced\"  name=\"level[]\"\/>\n\t\t\t\t\t\t<span><i class=\"fa fa-check\"><\/i><\/span>\n\t\t\t\t\t<\/span>\n\t\t\t\t\t<span class=\"ms_lms_courses_archive__filter_options_item_checkbox_label\">Avanzado<\/span>\n\t\t\t\t<\/label>\n\t\t\t<\/div>\n\t\t\t<\/div>\n<\/div>\n<div class=\"ms_lms_courses_archive__filter_options_item\">\n\t<div class=\"ms_lms_courses_archive__filter_options_item_title\">\n\t\t<h3>Price<\/h3>\n\t\t<div class=\"ms_lms_courses_archive__filter_options_item_title_toggler\"><\/div>\n\t<\/div>\n\t<div class=\"ms_lms_courses_archive__filter_options_item_content\">\n\t\t\t\t\t<div class=\"ms_lms_courses_archive__filter_options_item_category\">\n\t\t\t\t<label class=\"ms_lms_courses_archive__filter_options_item_checkbox\">\n\t\t\t\t\t<span class=\"ms_lms_courses_archive__filter_options_item_checkbox_inner\">\n\t\t\t\t\t\t<input type=\"checkbox\" value=\"free_courses\"  name=\"price[]\"\/>\n\t\t\t\t\t\t<span><i class=\"fa fa-check\"><\/i><\/span>\n\t\t\t\t\t<\/span>\n\t\t\t\t\t<span class=\"ms_lms_courses_archive__filter_options_item_checkbox_label\">Free Courses<\/span>\n\t\t\t\t<\/label>\n\t\t\t<\/div>\n\t\t\t\t\t<div class=\"ms_lms_courses_archive__filter_options_item_category\">\n\t\t\t\t<label class=\"ms_lms_courses_archive__filter_options_item_checkbox\">\n\t\t\t\t\t<span class=\"ms_lms_courses_archive__filter_options_item_checkbox_inner\">\n\t\t\t\t\t\t<input type=\"checkbox\" value=\"paid_courses\"  name=\"price[]\"\/>\n\t\t\t\t\t\t<span><i class=\"fa fa-check\"><\/i><\/span>\n\t\t\t\t\t<\/span>\n\t\t\t\t\t<span class=\"ms_lms_courses_archive__filter_options_item_checkbox_label\">Paid Courses<\/span>\n\t\t\t\t<\/label>\n\t\t\t<\/div>\n\t\t\t\t\t<div class=\"ms_lms_courses_archive__filter_options_item_category\">\n\t\t\t\t<label class=\"ms_lms_courses_archive__filter_options_item_checkbox\">\n\t\t\t\t\t<span class=\"ms_lms_courses_archive__filter_options_item_checkbox_inner\">\n\t\t\t\t\t\t<input type=\"checkbox\" value=\"subscription\"  name=\"price[]\"\/>\n\t\t\t\t\t\t<span><i class=\"fa fa-check\"><\/i><\/span>\n\t\t\t\t\t<\/span>\n\t\t\t\t\t<span class=\"ms_lms_courses_archive__filter_options_item_checkbox_label\">Only Subscription<\/span>\n\t\t\t\t<\/label>\n\t\t\t<\/div>\n\t\t\t<\/div>\n<\/div>\n<div class=\"ms_lms_courses_archive__filter_options_item\">\n\t<div class=\"ms_lms_courses_archive__filter_options_item_title\">\n\t\t<h3>Rating<\/h3>\n\t\t<div class=\"ms_lms_courses_archive__filter_options_item_title_toggler\"><\/div>\n\t<\/div>\n\t<div class=\"ms_lms_courses_archive__filter_options_item_content\">\n\t\t\t\t\t<label class=\"ms_lms_courses_archive__filter_options_item_category\">\n\t\t\t\t<span class=\"ms_lms_courses_archive__filter_options_item_radio\">\n\t\t\t\t\t<input type=\"radio\" name=\"rating\" value=\"4.5\" >\n\t\t\t\t\t<span class=\"ms_lms_courses_archive__filter_options_item_radio_fake\"><\/span>\n\t\t\t\t<\/span>\n\t\t\t\t<div class=\"ms_lms_courses_archive__filter_options_item_rating\">\n\t\t\t\t\t<div class=\"ms_lms_courses_archive__filter_options_item_rating_stars\">\n\t\t\t\t\t\t<div class=\"ms_lms_courses_archive__filter_options_item_rating_stars_filled\" style=\"width: 90%;\"><\/div>\n\t\t\t\t\t<\/div>\n\t\t\t\t\t<div class=\"ms_lms_courses_archive__filter_options_item_rating_quantity\">\n\t\t\t\t\t\t<span>4.5 &amp; up<\/span>\n\t\t\t\t\t<\/div>\n\t\t\t\t<\/div>\n\t\t\t<\/label>\n\t\t\t\t\t<label class=\"ms_lms_courses_archive__filter_options_item_category\">\n\t\t\t\t<span class=\"ms_lms_courses_archive__filter_options_item_radio\">\n\t\t\t\t\t<input type=\"radio\" name=\"rating\" value=\"4\" >\n\t\t\t\t\t<span class=\"ms_lms_courses_archive__filter_options_item_radio_fake\"><\/span>\n\t\t\t\t<\/span>\n\t\t\t\t<div class=\"ms_lms_courses_archive__filter_options_item_rating\">\n\t\t\t\t\t<div class=\"ms_lms_courses_archive__filter_options_item_rating_stars\">\n\t\t\t\t\t\t<div class=\"ms_lms_courses_archive__filter_options_item_rating_stars_filled\" style=\"width: 80%;\"><\/div>\n\t\t\t\t\t<\/div>\n\t\t\t\t\t<div class=\"ms_lms_courses_archive__filter_options_item_rating_quantity\">\n\t\t\t\t\t\t<span>4.0 &amp; up<\/span>\n\t\t\t\t\t<\/div>\n\t\t\t\t<\/div>\n\t\t\t<\/label>\n\t\t\t\t\t<label class=\"ms_lms_courses_archive__filter_options_item_category\">\n\t\t\t\t<span class=\"ms_lms_courses_archive__filter_options_item_radio\">\n\t\t\t\t\t<input type=\"radio\" name=\"rating\" value=\"3.5\" >\n\t\t\t\t\t<span class=\"ms_lms_courses_archive__filter_options_item_radio_fake\"><\/span>\n\t\t\t\t<\/span>\n\t\t\t\t<div class=\"ms_lms_courses_archive__filter_options_item_rating\">\n\t\t\t\t\t<div class=\"ms_lms_courses_archive__filter_options_item_rating_stars\">\n\t\t\t\t\t\t<div class=\"ms_lms_courses_archive__filter_options_item_rating_stars_filled\" style=\"width: 70%;\"><\/div>\n\t\t\t\t\t<\/div>\n\t\t\t\t\t<div class=\"ms_lms_courses_archive__filter_options_item_rating_quantity\">\n\t\t\t\t\t\t<span>3.5 &amp; up<\/span>\n\t\t\t\t\t<\/div>\n\t\t\t\t<\/div>\n\t\t\t<\/label>\n\t\t\t\t\t<label class=\"ms_lms_courses_archive__filter_options_item_category\">\n\t\t\t\t<span class=\"ms_lms_courses_archive__filter_options_item_radio\">\n\t\t\t\t\t<input type=\"radio\" name=\"rating\" value=\"3\" >\n\t\t\t\t\t<span class=\"ms_lms_courses_archive__filter_options_item_radio_fake\"><\/span>\n\t\t\t\t<\/span>\n\t\t\t\t<div class=\"ms_lms_courses_archive__filter_options_item_rating\">\n\t\t\t\t\t<div class=\"ms_lms_courses_archive__filter_options_item_rating_stars\">\n\t\t\t\t\t\t<div class=\"ms_lms_courses_archive__filter_options_item_rating_stars_filled\" style=\"width: 60%;\"><\/div>\n\t\t\t\t\t<\/div>\n\t\t\t\t\t<div class=\"ms_lms_courses_archive__filter_options_item_rating_quantity\">\n\t\t\t\t\t\t<span>3.0 &amp; up<\/span>\n\t\t\t\t\t<\/div>\n\t\t\t\t<\/div>\n\t\t\t<\/label>\n\t\t\t<\/div>\n<\/div>\n\t\t<\/div>\n\t\t<div class=\"ms_lms_courses_archive__filter_actions\">\n\t\t\t<input type=\"submit\" value=\"Show Results\" class=\"ms_lms_courses_archive__filter_actions_button\">\n\t\t\t<a href=\"#\" class=\"ms_lms_courses_archive__filter_actions_reset\">\n\t\t\t\t<i class=\"stmlms-undo2\"><\/i>\n\t\t\t\t<span>Reset All<\/span>\n\t\t\t<\/a>\n\t\t<\/div>\n\t<input type=\"hidden\" name=\"trp-form-language\" value=\"en_us\"\/><\/form>\n<\/div>\n\t\t<div class=\"ms_lms_courses_card_wrapper\">\n\t\t\t\t\t\t<div class=\"ms_lms_courses_card card-style-1\">\n\t\t\t\t\t<div class=\"ms_lms_courses_card_item\">\n\t\t<div class=\"ms_lms_courses_card_item_wrapper\">\n\t\t\t\t\t\t<a href=\"https:\/\/cursos.curaciondelninointerior.com\/en_us\/catalogo-de-cursos\/que-hacer-frente-al-abuso-y-el-maltrato\/\" class=\"ms_lms_courses_card_item_image_link\">\n\t\t\t\t<img decoding=\"async\" src=\"https:\/\/cursos.curaciondelninointerior.com\/wp-content\/uploads\/2025\/09\/DISPARADOR-DEL-MIEDO-scaled-1.jpg\" class=\"ms_lms_courses_card_item_image\">\t\t\t<\/a>\n\t\t\t<div class=\"ms_lms_courses_card_item_info\">\n\t\t\t\t\t\t\t\t\t<span class=\"ms_lms_courses_card_item_info_category\">\n\t\t\t\t\t\t<a href=\"https:\/\/cursos.curaciondelninointerior.com\/en_us\/?terms%5B%5D=38&#038;category%5B%5D=38\">\n\t\t\t\t\t\t\tCursos y Conferencias\t\t\t\t\t\t<\/a>\n\t\t\t\t\t<\/span>\n\t\t\t\t\t\t\t\t\t<a href=\"https:\/\/cursos.curaciondelninointerior.com\/en_us\/catalogo-de-cursos\/que-hacer-frente-al-abuso-y-el-maltrato\/\" class=\"ms_lms_courses_card_item_info_title\">\n\t\t\t\t\t\t<h3>Qu\u00e9 hacer frente al abuso y el maltrato<\/h3>\n\t\t\t\t\t<\/a>\n\t\t\t\t\t\t\t\t\t<div class=\"ms_lms_courses_card_item_info_meta\">\n\t\t\t\t\t\t<div class=\"ms_lms_courses_card_item_meta_block\">\n\t<i class=\"stmlms-members\"><\/i>\n<span><\/span>\n<\/div>\n<div class=\"ms_lms_courses_card_item_meta_block\">\n\t<i class=\"stmlms-views\"><\/i>\n<span>181<\/span>\n<\/div>\n\t\t\t\t\t<\/div>\n\t\t\t\t\t\t\t\t\t\t<span class=\"ms_lms_courses_card_item_info_divider\"><\/span>\n\t\t\t\t\t\t\t\t\t\t<div class=\"ms_lms_courses_card_item_info_bottom_wrapper\">\n\t\t\t\t\t\t<div class=\"ms_lms_courses_card_item_info_rating\">\n\t<div class=\"ms_lms_courses_card_item_info_rating_stars\">\n\t\t<div class=\"ms_lms_courses_card_item_info_rating_stars_filled\" style=\"width: 0%;\"><\/div>\n\t<\/div>\n\t<div class=\"ms_lms_courses_card_item_info_rating_quantity\">\n\t\t<span>0.0<\/span>\n\t<\/div>\n<\/div>\n\t<div class=\"ms_lms_courses_card_item_info_price\">\n\t\t\t\t\t<div class=\"ms_lms_courses_card_item_info_price_single\">\n\t\t\t\t<span>$480<\/span>\n\t\t\t<\/div>\n\t\t\t\t\t\t<\/div>\n\t\t\t\t\t\t<\/div>\n\t\t\t\t\t\t\t<\/div>\n\t\t<\/div>\n\t\t<div class=\"ms_lms_courses_card_item_popup\">\n\t\t\t<div class=\"ms_lms_courses_card_item_popup_author\">\n\t\t\t\t\t\t\t<img decoding=\"async\" src=\"https:\/\/secure.gravatar.com\/avatar\/0b68065c1cefdff57115cc7dd9bcd9ea22796c5a249da4ff2c027098a67f129e?s=215&#038;d=mm&#038;r=g\">\n\t\t\t\t\t\t\t\t<span class=\"ms_lms_courses_card_item_popup_author_name\">admin<\/span>\n\t\t\t\t\t<\/div>\n\t\t<a href=\"https:\/\/cursos.curaciondelninointerior.com\/en_us\/catalogo-de-cursos\/que-hacer-frente-al-abuso-y-el-maltrato\/\" class=\"ms_lms_courses_card_item_popup_title\">\n\t\t<h3>Qu\u00e9 hacer frente al abuso y el maltrato<\/h3>\n\t<\/a>\n\t\t\t<div class=\"ms_lms_courses_card_item_popup_meta\">\n\t\t\t<div class=\"ms_lms_courses_card_item_meta_block\">\n\t<i class=\"stmlms-levels\"><\/i>\n<span>No Level<\/span>\n<\/div>\n<div class=\"ms_lms_courses_card_item_meta_block\">\n\t<i class=\"stmlms-cats\"><\/i>\n<span>\n\t1 Lecture<\/span>\n<\/div>\n<div class=\"ms_lms_courses_card_item_meta_block\">\n\t<i class=\"stmlms-lms-clocks\"><\/i>\n<span>0 Hours<\/span>\n<\/div>\n\t\t<\/div>\n\t\t<div class=\"ms_lms_courses_card_item_popup_button_wrapper\">\n\t\t<a href=\"https:\/\/cursos.curaciondelninointerior.com\/en_us\/catalogo-de-cursos\/que-hacer-frente-al-abuso-y-el-maltrato\/\" class=\"ms_lms_courses_card_item_popup_button\">\n\t\t\t<span>Preview this course<\/span>\n\t\t\t\t\t<\/a>\n\n\t\t\t\t\t<div class=\"ms_lms_courses_card_item_popup_bottom_wrapper\">\n\t\t\t\t\t\t\t\t\t\t\t<div class=\"ms_lms_courses_card_item_popup_wishlist\">\n\t\t\t\t\t\t\t\t<div class=\"stm-lms-wishlist\">\n\t\t<a href=\"https:\/\/cursos.curaciondelninointerior.com\/en_us\/user-account\/\">\n\t\t\t<i class=\"far fa-heart\"><\/i>\n\t\t\t<span>Add to Wishlist<\/span>\n\t\t<\/a>\n\t<\/div>\n\t\t\t\t\t\t\t\t<\/div>\n\t\t\t\t\t\t\t\t<div class=\"ms_lms_courses_card_item_popup_price\">\n\t\t<div class=\"ms_lms_courses_card_item_popup_price_single\">\n\t\t\t<span>$480<\/span>\n\t\t<\/div>\n\t\t\t<\/div>\n\t\t\t<\/div>\n\t\t\t<\/div>\n<\/div>\n\t<\/div>\n\t\t\t\t<\/div>\n\t\t\t<div class=\"ms_lms_courses_archive__pagination_wrapper\">\n\t\t\t\t\t\t\t<\/div>\n\t\t<\/div>\n\t<\/div>\n<\/div>\n\t\t\t\t<\/div>\n\t\t\t\t<\/div>\n\t\t\t\t\t<\/div>\n\t\t<\/div>\n\t\t\t\t\t<\/div>\n\t\t<\/section>\n\t\t\t\t<\/div>","protected":false},"excerpt":{"rendered":"<p>Sort by: Newest Oldest Precio alto Precio bajo Most Viewed Clasificaci\u00f3n general Filtros Categor\u00eda Estado Lo mejor Nuevo Especial Nivel Principiante Intermedio Avanzado Precio Cursos gratuitos Cursos de pago Solo suscripci\u00f3n Valoraci\u00f3n 4.5 y m\u00e1s 4.0 y m\u00e1s 3.5 y m\u00e1s 3.0 y m\u00e1s Reset All No courses found Reset All<\/p>","protected":false},"author":1,"featured_media":0,"parent":0,"menu_order":0,"comment_status":"closed","ping_status":"closed","template":"","meta":{"_joinchat":[],"footnotes":""},"class_list":["post-53559","page","type-page","status-publish","hentry"],"_links":{"self":[{"href":"https:\/\/cursos.curaciondelninointerior.com\/en_us\/wp-json\/wp\/v2\/pages\/53559","targetHints":{"allow":["GET"]}}],"collection":[{"href":"https:\/\/cursos.curaciondelninointerior.com\/en_us\/wp-json\/wp\/v2\/pages"}],"about":[{"href":"https:\/\/cursos.curaciondelninointerior.com\/en_us\/wp-json\/wp\/v2\/types\/page"}],"author":[{"embeddable":true,"href":"https:\/\/cursos.curaciondelninointerior.com\/en_us\/wp-json\/wp\/v2\/users\/1"}],"replies":[{"embeddable":true,"href":"https:\/\/cursos.curaciondelninointerior.com\/en_us\/wp-json\/wp\/v2\/comments?post=53559"}],"version-history":[{"count":11,"href":"https:\/\/cursos.curaciondelninointerior.com\/en_us\/wp-json\/wp\/v2\/pages\/53559\/revisions"}],"predecessor-version":[{"id":53969,"href":"https:\/\/cursos.curaciondelninointerior.com\/en_us\/wp-json\/wp\/v2\/pages\/53559\/revisions\/53969"}],"wp:attachment":[{"href":"https:\/\/cursos.curaciondelninointerior.com\/en_us\/wp-json\/wp\/v2\/media?parent=53559"}],"curies":[{"name":"wp","href":"https:\/\/api.w.org\/{rel}","templated":true}]}}